{"id":2,"date":"2023-09-07T09:16:23","date_gmt":"2023-09-07T07:16:23","guid":{"rendered":"https:\/\/www.fisioazuqueca.es\/web\/?page_id=2"},"modified":"2024-01-22T13:56:49","modified_gmt":"2024-01-22T12:56:49","slug":"inicio","status":"publish","type":"page","link":"https:\/\/www.fisioazuqueca.es\/web\/","title":{"rendered":"Inicio"},"content":{"rendered":"\t\t<div data-elementor-type=\"wp-page\" data-elementor-id=\"2\" class=\"elementor elementor-2\" data-elementor-post-type=\"page\">\n\t\t\t\t\t\t<section class=\"elementor-section elementor-top-section elementor-element elementor-element-3746142 elementor-section-content-bottom elementor-section-stretched elementor-section-boxed elementor-section-height-default elementor-section-height-default\" data-id=\"3746142\" data-element_type=\"section\" data-e-type=\"section\" data-settings=\"{&quot;stretch_section&quot;:&quot;section-stretched&quot;,&quot;background_background&quot;:&quot;classic&quot;}\">\n\t\t\t\t\t\t<div class=\"elementor-container elementor-column-gap-no\">\n\t\t\t\t\t<div class=\"elementor-column elementor-col-100 elementor-top-column elementor-element elementor-element-42dca737\" data-id=\"42dca737\" data-element_type=\"column\" data-e-type=\"column\">\n\t\t\t<div class=\"elementor-widget-wrap elementor-element-populated\">\n\t\t\t\t\t\t<div class=\"elementor-element elementor-element-455a1db elementor-widget elementor-widget-spacer\" data-id=\"455a1db\" data-element_type=\"widget\" data-e-type=\"widget\" data-widget_type=\"spacer.default\">\n\t\t\t\t<div class=\"elementor-widget-container\">\n\t\t\t\t\t\t\t<div class=\"elementor-spacer\">\n\t\t\t<div class=\"elementor-spacer-inner\"><\/div>\n\t\t<\/div>\n\t\t\t\t\t\t<\/div>\n\t\t\t\t<\/div>\n\t\t\t\t<section class=\"elementor-section elementor-inner-section elementor-element elementor-element-200971cf elementor-section-content-middle elementor-section-boxed elementor-section-height-default elementor-section-height-default\" data-id=\"200971cf\" data-element_type=\"section\" data-e-type=\"section\">\n\t\t\t\t\t\t\t<div class=\"elementor-background-overlay\"><\/div>\n\t\t\t\t\t\t\t<div class=\"elementor-container elementor-column-gap-no\">\n\t\t\t\t\t<div class=\"elementor-column elementor-col-33 elementor-inner-column elementor-element elementor-element-4200d922\" data-id=\"4200d922\" data-element_type=\"column\" data-e-type=\"column\" data-settings=\"{&quot;background_background&quot;:&quot;classic&quot;}\">\n\t\t\t<div class=\"elementor-widget-wrap elementor-element-populated\">\n\t\t\t\t\t\t<div class=\"elementor-element elementor-element-84dca7c elementor-widget__width-initial elementor-widget elementor-widget-image-box\" data-id=\"84dca7c\" data-element_type=\"widget\" data-e-type=\"widget\" data-widget_type=\"image-box.default\">\n\t\t\t\t<div class=\"elementor-widget-container\">\n\t\t\t\t\t<div class=\"elementor-image-box-wrapper\"><div class=\"elementor-image-box-content\"><h3 class=\"elementor-image-box-title\">Nuestro compromiso<\/h3><p class=\"elementor-image-box-description\">En FisioAzuqueca realizamos una valoraci\u00f3n personalizada para ajustar nuestro tratamiento a las necesidades de cada paciente y as\u00ed poder lograr mejor\u00eda a la mayor brevedad posible.<\/p><\/div><\/div>\t\t\t\t<\/div>\n\t\t\t\t<\/div>\n\t\t\t\t\t<\/div>\n\t\t<\/div>\n\t\t\t\t<div class=\"elementor-column elementor-col-33 elementor-inner-column elementor-element elementor-element-69d93881\" data-id=\"69d93881\" data-element_type=\"column\" data-e-type=\"column\" data-settings=\"{&quot;background_background&quot;:&quot;classic&quot;}\">\n\t\t\t<div class=\"elementor-widget-wrap elementor-element-populated\">\n\t\t\t\t\t\t<div class=\"elementor-element elementor-element-14919663 elementor-widget elementor-widget-image-box\" data-id=\"14919663\" data-element_type=\"widget\" data-e-type=\"widget\" data-widget_type=\"image-box.default\">\n\t\t\t\t<div class=\"elementor-widget-container\">\n\t\t\t\t\t<div class=\"elementor-image-box-wrapper\"><div class=\"elementor-image-box-content\"><h3 class=\"elementor-image-box-title\">Solicitar cita<\/h3><p class=\"elementor-image-box-description\">Tel\u00e9fono: 949 26 39 47<br>Email: fisioazuqueca@gmail.com<\/p><\/div><\/div>\t\t\t\t<\/div>\n\t\t\t\t<\/div>\n\t\t\t\t<div class=\"elementor-element elementor-element-4d0e852 elementor-widget elementor-widget-spacer\" data-id=\"4d0e852\" data-element_type=\"widget\" data-e-type=\"widget\" data-widget_type=\"spacer.default\">\n\t\t\t\t<div class=\"elementor-widget-container\">\n\t\t\t\t\t\t\t<div class=\"elementor-spacer\">\n\t\t\t<div class=\"elementor-spacer-inner\"><\/div>\n\t\t<\/div>\n\t\t\t\t\t\t<\/div>\n\t\t\t\t<\/div>\n\t\t\t\t<div class=\"elementor-element elementor-element-ff6c6ab elementor-widget elementor-widget-button\" data-id=\"ff6c6ab\" data-element_type=\"widget\" data-e-type=\"widget\" data-widget_type=\"button.default\">\n\t\t\t\t<div class=\"elementor-widget-container\">\n\t\t\t\t\t\t\t\t\t<div class=\"elementor-button-wrapper\">\n\t\t\t\t\t<a class=\"elementor-button elementor-button-link elementor-size-md\" href=\"https:\/\/www.fisioazuqueca.es\/web\/?page_id=64\/\">\n\t\t\t\t\t\t<span class=\"elementor-button-content-wrapper\">\n\t\t\t\t\t\t<span class=\"elementor-button-icon\">\n\t\t\t\t<i aria-hidden=\"true\" class=\"fas fa-envelope\"><\/i>\t\t\t<\/span>\n\t\t\t\t\t\t\t\t\t<span class=\"elementor-button-text\">Pedir Cita<\/span>\n\t\t\t\t\t<\/span>\n\t\t\t\t\t<\/a>\n\t\t\t\t<\/div>\n\t\t\t\t\t\t\t\t<\/div>\n\t\t\t\t<\/div>\n\t\t\t\t\t<\/div>\n\t\t<\/div>\n\t\t\t\t<div class=\"elementor-column elementor-col-33 elementor-inner-column elementor-element elementor-element-30221972\" data-id=\"30221972\" data-element_type=\"column\" data-e-type=\"column\" data-settings=\"{&quot;background_background&quot;:&quot;classic&quot;}\">\n\t\t\t<div class=\"elementor-widget-wrap elementor-element-populated\">\n\t\t\t\t\t\t<div class=\"elementor-element elementor-element-bed8975 elementor-widget elementor-widget-image-box\" data-id=\"bed8975\" data-element_type=\"widget\" data-e-type=\"widget\" data-widget_type=\"image-box.default\">\n\t\t\t\t<div class=\"elementor-widget-container\">\n\t\t\t\t\t<div class=\"elementor-image-box-wrapper\"><div class=\"elementor-image-box-content\"><h3 class=\"elementor-image-box-title\">Horario<\/h3><\/div><\/div>\t\t\t\t<\/div>\n\t\t\t\t<\/div>\n\t\t\t\t<div class=\"elementor-element elementor-element-7dbab72 elementor-widget__width-initial elementor-widget elementor-widget-text-editor\" data-id=\"7dbab72\" data-element_type=\"widget\" data-e-type=\"widget\" data-widget_type=\"text-editor.default\">\n\t\t\t\t<div class=\"elementor-widget-container\">\n\t\t\t\t\t\t\t\t\t<p>Lunes &#8211; Viernes\u00a0 \u00a0 \u00a0 \u00a0 \u00a0 \u00a0 \u00a0 \u00a0 \u00a0 \u00a0 \u00a0 \u00a0 9:00 &#8211; 14:00<\/p>\t\t\t\t\t\t\t\t<\/div>\n\t\t\t\t<\/div>\n\t\t\t\t<div class=\"elementor-element elementor-element-bd14903 elementor-widget__width-initial elementor-widget elementor-widget-text-editor\" data-id=\"bd14903\" data-element_type=\"widget\" data-e-type=\"widget\" data-widget_type=\"text-editor.default\">\n\t\t\t\t<div class=\"elementor-widget-container\">\n\t\t\t\t\t\t\t\t\t<p>Lunes &#8211; Viernes\u00a0 \u00a0 \u00a0 \u00a0 \u00a0 \u00a0 \u00a0 \u00a0 \u00a0 \u00a0 \u00a0 \u00a016:00 &#8211; 21:00<\/p>\t\t\t\t\t\t\t\t<\/div>\n\t\t\t\t<\/div>\n\t\t\t\t<div class=\"elementor-element elementor-element-d3d4707 elementor-widget__width-initial elementor-widget elementor-widget-text-editor\" data-id=\"d3d4707\" data-element_type=\"widget\" data-e-type=\"widget\" data-widget_type=\"text-editor.default\">\n\t\t\t\t<div class=\"elementor-widget-container\">\n\t\t\t\t\t\t\t\t\t<p>S\u00e1bados&nbsp; &nbsp; &nbsp; &nbsp; &nbsp; &nbsp; &nbsp; &nbsp; &nbsp; &nbsp; &nbsp; &nbsp; &nbsp; &nbsp; &nbsp; &nbsp; &nbsp; &nbsp; &nbsp;10:00 &#8211; 14:00<\/p>\t\t\t\t\t\t\t\t<\/div>\n\t\t\t\t<\/div>\n\t\t\t\t\t<\/div>\n\t\t<\/div>\n\t\t\t\t\t<\/div>\n\t\t<\/section>\n\t\t\t\t\t<\/div>\n\t\t<\/div>\n\t\t\t\t\t<\/div>\n\t\t<\/section>\n\t\t\t\t<section class=\"elementor-section elementor-top-section elementor-element elementor-element-33e0c39 elementor-section-stretched elementor-section-boxed elementor-section-height-default elementor-section-height-default\" data-id=\"33e0c39\" data-element_type=\"section\" data-e-type=\"section\" data-settings=\"{&quot;stretch_section&quot;:&quot;section-stretched&quot;}\">\n\t\t\t\t\t\t<div class=\"elementor-container elementor-column-gap-default\">\n\t\t\t\t\t<div class=\"elementor-column elementor-col-100 elementor-top-column elementor-element elementor-element-2ef8477\" data-id=\"2ef8477\" data-element_type=\"column\" data-e-type=\"column\">\n\t\t\t<div class=\"elementor-widget-wrap elementor-element-populated\">\n\t\t\t\t\t\t<div class=\"elementor-element elementor-element-b33579e elementor-nav-menu__align-start elementor-nav-menu--stretch elementor-widget__width-initial elementor-nav-menu--dropdown-tablet elementor-nav-menu__text-align-aside elementor-nav-menu--toggle elementor-nav-menu--burger elementor-widget elementor-widget-nav-menu\" data-id=\"b33579e\" data-element_type=\"widget\" data-e-type=\"widget\" data-settings=\"{&quot;full_width&quot;:&quot;stretch&quot;,&quot;layout&quot;:&quot;horizontal&quot;,&quot;submenu_icon&quot;:{&quot;value&quot;:&quot;&lt;i class=\\&quot;fas fa-caret-down\\&quot; aria-hidden=\\&quot;true\\&quot;&gt;&lt;\\\/i&gt;&quot;,&quot;library&quot;:&quot;fa-solid&quot;},&quot;toggle&quot;:&quot;burger&quot;}\" data-widget_type=\"nav-menu.default\">\n\t\t\t\t<div class=\"elementor-widget-container\">\n\t\t\t\t\t\t\t\t<nav aria-label=\"Men\u00fa\" class=\"elementor-nav-menu--main elementor-nav-menu__container elementor-nav-menu--layout-horizontal e--pointer-underline e--animation-fade\">\n\t\t\t\t<ul id=\"menu-1-b33579e\" class=\"elementor-nav-menu\"><li class=\"menu-item menu-item-type-post_type menu-item-object-page menu-item-691\"><a href=\"https:\/\/www.fisioazuqueca.es\/web\/aviso-legal-politica-de-privacidad\/\" class=\"elementor-item\">Aviso legal &#038; Pol\u00edtica de privacidad<\/a><\/li>\n<\/ul>\t\t\t<\/nav>\n\t\t\t\t\t<div class=\"elementor-menu-toggle\" role=\"button\" tabindex=\"0\" aria-label=\"Alternar men\u00fa\" aria-expanded=\"false\">\n\t\t\t<i aria-hidden=\"true\" role=\"presentation\" class=\"elementor-menu-toggle__icon--open eicon-menu-bar\"><\/i><i aria-hidden=\"true\" role=\"presentation\" class=\"elementor-menu-toggle__icon--close eicon-close\"><\/i>\t\t<\/div>\n\t\t\t\t\t<nav class=\"elementor-nav-menu--dropdown elementor-nav-menu__container\" aria-hidden=\"true\">\n\t\t\t\t<ul id=\"menu-2-b33579e\" class=\"elementor-nav-menu\"><li class=\"menu-item menu-item-type-post_type menu-item-object-page menu-item-691\"><a href=\"https:\/\/www.fisioazuqueca.es\/web\/aviso-legal-politica-de-privacidad\/\" class=\"elementor-item\" tabindex=\"-1\">Aviso legal &#038; Pol\u00edtica de privacidad<\/a><\/li>\n<\/ul>\t\t\t<\/nav>\n\t\t\t\t\t\t<\/div>\n\t\t\t\t<\/div>\n\t\t\t\t\t<\/div>\n\t\t<\/div>\n\t\t\t\t\t<\/div>\n\t\t<\/section>\n\t\t\t\t<\/div>\n\t\t","protected":false},"excerpt":{"rendered":"<p>Nuestro compromiso En FisioAzuqueca realizamos una valoraci\u00f3n personalizada para ajustar nuestro tratamiento a las necesidades de cada paciente y as\u00ed poder lograr mejor\u00eda a la mayor brevedad posible. Solicitar cita Tel\u00e9fono: 949 26 39 47Email: fisioazuqueca@gmail.com Pedir Cita Horario Lunes &#8211; Viernes\u00a0 \u00a0 \u00a0 \u00a0 \u00a0 \u00a0 \u00a0 \u00a0 \u00a0 \u00a0 \u00a0 \u00a0 9:00 &#8211;&hellip;&nbsp;<a href=\"https:\/\/www.fisioazuqueca.es\/web\/\" rel=\"bookmark\">Leer m\u00e1s &raquo;<span class=\"screen-reader-text\">Inicio<\/span><\/a><\/p>\n","protected":false},"author":1,"featured_media":0,"parent":0,"menu_order":0,"comment_status":"closed","ping_status":"closed","template":"","meta":{"neve_meta_sidebar":"","neve_meta_container":"","neve_meta_enable_content_width":"","neve_meta_content_width":0,"neve_meta_title_alignment":"","neve_meta_author_avatar":"","neve_post_elements_order":"","neve_meta_disable_header":"","neve_meta_disable_footer":"","neve_meta_disable_title":"","footnotes":""},"class_list":["post-2","page","type-page","status-publish","hentry"],"yoast_head":"<!-- This site is optimized with the Yoast SEO plugin v27.5 - https:\/\/yoast.com\/product\/yoast-seo-wordpress\/ -->\n<title>Inicio - FisioAzuqueca<\/title>\n<meta name=\"robots\" content=\"index, follow, max-snippet:-1, max-image-preview:large, max-video-preview:-1\" \/>\n<link rel=\"canonical\" href=\"https:\/\/www.fisioazuqueca.es\/web\/\" \/>\n<meta property=\"og:locale\" content=\"es_ES\" \/>\n<meta property=\"og:type\" content=\"article\" \/>\n<meta property=\"og:title\" content=\"Inicio - FisioAzuqueca\" \/>\n<meta property=\"og:description\" content=\"Nuestro compromiso En FisioAzuqueca realizamos una valoraci\u00f3n personalizada para ajustar nuestro tratamiento a las necesidades de cada paciente y as\u00ed poder lograr mejor\u00eda a la mayor brevedad posible. Solicitar cita Tel\u00e9fono: 949 26 39 47Email: fisioazuqueca@gmail.com Pedir Cita Horario Lunes &#8211; Viernes\u00a0 \u00a0 \u00a0 \u00a0 \u00a0 \u00a0 \u00a0 \u00a0 \u00a0 \u00a0 \u00a0 \u00a0 9:00 &#8211;&hellip;&nbsp;Leer m\u00e1s &raquo;Inicio\" \/>\n<meta property=\"og:url\" content=\"https:\/\/www.fisioazuqueca.es\/web\/\" \/>\n<meta property=\"og:site_name\" content=\"FisioAzuqueca\" \/>\n<meta property=\"article:modified_time\" content=\"2024-01-22T12:56:49+00:00\" \/>\n<meta name=\"twitter:card\" content=\"summary_large_image\" \/>\n<meta name=\"twitter:label1\" content=\"Tiempo de lectura\" \/>\n\t<meta name=\"twitter:data1\" content=\"1 minuto\" \/>\n<script type=\"application\/ld+json\" class=\"yoast-schema-graph\">{\"@context\":\"https:\\\/\\\/schema.org\",\"@graph\":[{\"@type\":\"WebPage\",\"@id\":\"https:\\\/\\\/www.fisioazuqueca.es\\\/web\\\/\",\"url\":\"https:\\\/\\\/www.fisioazuqueca.es\\\/web\\\/\",\"name\":\"Inicio - FisioAzuqueca\",\"isPartOf\":{\"@id\":\"https:\\\/\\\/www.fisioazuqueca.es\\\/web\\\/#website\"},\"datePublished\":\"2023-09-07T07:16:23+00:00\",\"dateModified\":\"2024-01-22T12:56:49+00:00\",\"inLanguage\":\"es\",\"potentialAction\":[{\"@type\":\"ReadAction\",\"target\":[\"https:\\\/\\\/www.fisioazuqueca.es\\\/web\\\/\"]}]},{\"@type\":\"WebSite\",\"@id\":\"https:\\\/\\\/www.fisioazuqueca.es\\\/web\\\/#website\",\"url\":\"https:\\\/\\\/www.fisioazuqueca.es\\\/web\\\/\",\"name\":\"FisioAzuqueca\",\"description\":\"Bienvenido a FisioAzuqueca\",\"publisher\":{\"@id\":\"https:\\\/\\\/www.fisioazuqueca.es\\\/web\\\/#\\\/schema\\\/person\\\/afbc4cf413efa10f2f68155692513e13\"},\"potentialAction\":[{\"@type\":\"SearchAction\",\"target\":{\"@type\":\"EntryPoint\",\"urlTemplate\":\"https:\\\/\\\/www.fisioazuqueca.es\\\/web\\\/?s={search_term_string}\"},\"query-input\":{\"@type\":\"PropertyValueSpecification\",\"valueRequired\":true,\"valueName\":\"search_term_string\"}}],\"inLanguage\":\"es\"},{\"@type\":[\"Person\",\"Organization\"],\"@id\":\"https:\\\/\\\/www.fisioazuqueca.es\\\/web\\\/#\\\/schema\\\/person\\\/afbc4cf413efa10f2f68155692513e13\",\"name\":\"admin\",\"image\":{\"@type\":\"ImageObject\",\"inLanguage\":\"es\",\"@id\":\"https:\\\/\\\/www.fisioazuqueca.es\\\/web\\\/wp-content\\\/uploads\\\/2023\\\/09\\\/cropped-LOGO-F.jpg\",\"url\":\"https:\\\/\\\/www.fisioazuqueca.es\\\/web\\\/wp-content\\\/uploads\\\/2023\\\/09\\\/cropped-LOGO-F.jpg\",\"contentUrl\":\"https:\\\/\\\/www.fisioazuqueca.es\\\/web\\\/wp-content\\\/uploads\\\/2023\\\/09\\\/cropped-LOGO-F.jpg\",\"width\":468,\"height\":648,\"caption\":\"admin\"},\"logo\":{\"@id\":\"https:\\\/\\\/www.fisioazuqueca.es\\\/web\\\/wp-content\\\/uploads\\\/2023\\\/09\\\/cropped-LOGO-F.jpg\"},\"sameAs\":[\"https:\\\/\\\/www.fisioazuqueca.es\\\/web\"]}]}<\/script>\n<!-- \/ Yoast SEO plugin. -->","yoast_head_json":{"title":"Inicio - FisioAzuqueca","robots":{"index":"index","follow":"follow","max-snippet":"max-snippet:-1","max-image-preview":"max-image-preview:large","max-video-preview":"max-video-preview:-1"},"canonical":"https:\/\/www.fisioazuqueca.es\/web\/","og_locale":"es_ES","og_type":"article","og_title":"Inicio - FisioAzuqueca","og_description":"Nuestro compromiso En FisioAzuqueca realizamos una valoraci\u00f3n personalizada para ajustar nuestro tratamiento a las necesidades de cada paciente y as\u00ed poder lograr mejor\u00eda a la mayor brevedad posible. Solicitar cita Tel\u00e9fono: 949 26 39 47Email: fisioazuqueca@gmail.com Pedir Cita Horario Lunes &#8211; Viernes\u00a0 \u00a0 \u00a0 \u00a0 \u00a0 \u00a0 \u00a0 \u00a0 \u00a0 \u00a0 \u00a0 \u00a0 9:00 &#8211;&hellip;&nbsp;Leer m\u00e1s &raquo;Inicio","og_url":"https:\/\/www.fisioazuqueca.es\/web\/","og_site_name":"FisioAzuqueca","article_modified_time":"2024-01-22T12:56:49+00:00","twitter_card":"summary_large_image","twitter_misc":{"Tiempo de lectura":"1 minuto"},"schema":{"@context":"https:\/\/schema.org","@graph":[{"@type":"WebPage","@id":"https:\/\/www.fisioazuqueca.es\/web\/","url":"https:\/\/www.fisioazuqueca.es\/web\/","name":"Inicio - FisioAzuqueca","isPartOf":{"@id":"https:\/\/www.fisioazuqueca.es\/web\/#website"},"datePublished":"2023-09-07T07:16:23+00:00","dateModified":"2024-01-22T12:56:49+00:00","inLanguage":"es","potentialAction":[{"@type":"ReadAction","target":["https:\/\/www.fisioazuqueca.es\/web\/"]}]},{"@type":"WebSite","@id":"https:\/\/www.fisioazuqueca.es\/web\/#website","url":"https:\/\/www.fisioazuqueca.es\/web\/","name":"FisioAzuqueca","description":"Bienvenido a FisioAzuqueca","publisher":{"@id":"https:\/\/www.fisioazuqueca.es\/web\/#\/schema\/person\/afbc4cf413efa10f2f68155692513e13"},"potentialAction":[{"@type":"SearchAction","target":{"@type":"EntryPoint","urlTemplate":"https:\/\/www.fisioazuqueca.es\/web\/?s={search_term_string}"},"query-input":{"@type":"PropertyValueSpecification","valueRequired":true,"valueName":"search_term_string"}}],"inLanguage":"es"},{"@type":["Person","Organization"],"@id":"https:\/\/www.fisioazuqueca.es\/web\/#\/schema\/person\/afbc4cf413efa10f2f68155692513e13","name":"admin","image":{"@type":"ImageObject","inLanguage":"es","@id":"https:\/\/www.fisioazuqueca.es\/web\/wp-content\/uploads\/2023\/09\/cropped-LOGO-F.jpg","url":"https:\/\/www.fisioazuqueca.es\/web\/wp-content\/uploads\/2023\/09\/cropped-LOGO-F.jpg","contentUrl":"https:\/\/www.fisioazuqueca.es\/web\/wp-content\/uploads\/2023\/09\/cropped-LOGO-F.jpg","width":468,"height":648,"caption":"admin"},"logo":{"@id":"https:\/\/www.fisioazuqueca.es\/web\/wp-content\/uploads\/2023\/09\/cropped-LOGO-F.jpg"},"sameAs":["https:\/\/www.fisioazuqueca.es\/web"]}]}},"_links":{"self":[{"href":"https:\/\/www.fisioazuqueca.es\/web\/wp-json\/wp\/v2\/pages\/2","targetHints":{"allow":["GET"]}}],"collection":[{"href":"https:\/\/www.fisioazuqueca.es\/web\/wp-json\/wp\/v2\/pages"}],"about":[{"href":"https:\/\/www.fisioazuqueca.es\/web\/wp-json\/wp\/v2\/types\/page"}],"author":[{"embeddable":true,"href":"https:\/\/www.fisioazuqueca.es\/web\/wp-json\/wp\/v2\/users\/1"}],"replies":[{"embeddable":true,"href":"https:\/\/www.fisioazuqueca.es\/web\/wp-json\/wp\/v2\/comments?post=2"}],"version-history":[{"count":183,"href":"https:\/\/www.fisioazuqueca.es\/web\/wp-json\/wp\/v2\/pages\/2\/revisions"}],"predecessor-version":[{"id":699,"href":"https:\/\/www.fisioazuqueca.es\/web\/wp-json\/wp\/v2\/pages\/2\/revisions\/699"}],"wp:attachment":[{"href":"https:\/\/www.fisioazuqueca.es\/web\/wp-json\/wp\/v2\/media?parent=2"}],"curies":[{"name":"wp","href":"https:\/\/api.w.org\/{rel}","templated":true}]}}