{"id":608,"date":"2023-10-20T10:54:51","date_gmt":"2023-10-20T08:54:51","guid":{"rendered":"https:\/\/www.fisioazuqueca.es\/web\/?page_id=608"},"modified":"2024-01-26T09:20:15","modified_gmt":"2024-01-26T08:20:15","slug":"pedro-alba-garcia","status":"publish","type":"page","link":"https:\/\/www.fisioazuqueca.es\/web\/pedro-alba-garcia\/","title":{"rendered":"PEDRO ALBA GARC\u00cdA"},"content":{"rendered":"\t\t<div data-elementor-type=\"wp-page\" data-elementor-id=\"608\" class=\"elementor elementor-608\" data-elementor-post-type=\"page\">\n\t\t\t\t\t\t<section class=\"elementor-section elementor-top-section elementor-element elementor-element-6545b631 elementor-section-content-middle elementor-section-boxed elementor-section-height-default elementor-section-height-default\" data-id=\"6545b631\" data-element_type=\"section\" data-e-type=\"section\">\n\t\t\t\t\t\t<div class=\"elementor-container elementor-column-gap-no\">\n\t\t\t\t\t<div class=\"elementor-column elementor-col-50 elementor-top-column elementor-element elementor-element-5438875c\" data-id=\"5438875c\" data-element_type=\"column\" data-e-type=\"column\">\n\t\t\t<div class=\"elementor-widget-wrap elementor-element-populated\">\n\t\t\t\t\t\t<div class=\"elementor-element elementor-element-56088f5a elementor-widget elementor-widget-heading\" data-id=\"56088f5a\" data-element_type=\"widget\" data-e-type=\"widget\" data-widget_type=\"heading.default\">\n\t\t\t\t<div class=\"elementor-widget-container\">\n\t\t\t\t\t<h3 class=\"elementor-heading-title elementor-size-default\">PEDRO ALBA GARC\u00cdA<\/h3>\t\t\t\t<\/div>\n\t\t\t\t<\/div>\n\t\t\t\t<div class=\"elementor-element elementor-element-2b65085f elementor-widget elementor-widget-icon-box\" data-id=\"2b65085f\" data-element_type=\"widget\" data-e-type=\"widget\" data-widget_type=\"icon-box.default\">\n\t\t\t\t<div class=\"elementor-widget-container\">\n\t\t\t\t\t\t\t<div class=\"elementor-icon-box-wrapper\">\n\n\t\t\t\n\t\t\t\t\t\t<div class=\"elementor-icon-box-content\">\n\n\t\t\t\t\t\t\t\t\t<h3 class=\"elementor-icon-box-title\">\n\t\t\t\t\t\t<span  >\n\t\t\t\t\t\t\tN\u00ba COLEGIADO: 2496 CLM\t\t\t\t\t\t<\/span>\n\t\t\t\t\t<\/h3>\n\t\t\t\t\n\t\t\t\t\n\t\t\t<\/div>\n\t\t\t\n\t\t<\/div>\n\t\t\t\t\t\t<\/div>\n\t\t\t\t<\/div>\n\t\t\t\t<div class=\"elementor-element elementor-element-329be2b elementor-position-inline-start elementor-view-default elementor-mobile-position-block-start elementor-widget elementor-widget-icon-box\" data-id=\"329be2b\" data-element_type=\"widget\" data-e-type=\"widget\" data-widget_type=\"icon-box.default\">\n\t\t\t\t<div class=\"elementor-widget-container\">\n\t\t\t\t\t\t\t<div class=\"elementor-icon-box-wrapper\">\n\n\t\t\t\t\t\t<div class=\"elementor-icon-box-icon\">\n\t\t\t\t<span  class=\"elementor-icon elementor-animation-grow\">\n\t\t\t\t<i aria-hidden=\"true\" class=\"fas fa-star\"><\/i>\t\t\t\t<\/span>\n\t\t\t<\/div>\n\t\t\t\n\t\t\t\t\t\t<div class=\"elementor-icon-box-content\">\n\n\t\t\t\t\t\t\t\t\t<h3 class=\"elementor-icon-box-title\">\n\t\t\t\t\t\t<span  >\n\t\t\t\t\t\t\tDIPLOMADO EN FISIOTERAPIA\t\t\t\t\t\t<\/span>\n\t\t\t\t\t<\/h3>\n\t\t\t\t\n\t\t\t\t\t\t\t\t\t<p class=\"elementor-icon-box-description\">\n\t\t\t\t\t\tUniversidad Rey Juan Carlos. (1999-2002)\t\t\t\t\t<\/p>\n\t\t\t\t\n\t\t\t<\/div>\n\t\t\t\n\t\t<\/div>\n\t\t\t\t\t\t<\/div>\n\t\t\t\t<\/div>\n\t\t\t\t<div class=\"elementor-element elementor-element-0415ef4 elementor-position-inline-start elementor-view-default elementor-mobile-position-block-start elementor-widget elementor-widget-icon-box\" data-id=\"0415ef4\" data-element_type=\"widget\" data-e-type=\"widget\" data-widget_type=\"icon-box.default\">\n\t\t\t\t<div class=\"elementor-widget-container\">\n\t\t\t\t\t\t\t<div class=\"elementor-icon-box-wrapper\">\n\n\t\t\t\t\t\t<div class=\"elementor-icon-box-icon\">\n\t\t\t\t<span  class=\"elementor-icon elementor-animation-grow\">\n\t\t\t\t<i aria-hidden=\"true\" class=\"fas fa-star\"><\/i>\t\t\t\t<\/span>\n\t\t\t<\/div>\n\t\t\t\n\t\t\t\t\t\t<div class=\"elementor-icon-box-content\">\n\n\t\t\t\t\t\t\t\t\t<h3 class=\"elementor-icon-box-title\">\n\t\t\t\t\t\t<span  >\n\t\t\t\t\t\t\tEXPERTO EN OSTEOPAT\u00cdA\t\t\t\t\t\t<\/span>\n\t\t\t\t\t<\/h3>\n\t\t\t\t\n\t\t\t\t\t\t\t\t\t<p class=\"elementor-icon-box-description\">\n\t\t\t\t\t\tEscuela de Osteopat\u00eda de Madrid (2007 - 2013)\t\t\t\t\t<\/p>\n\t\t\t\t\n\t\t\t<\/div>\n\t\t\t\n\t\t<\/div>\n\t\t\t\t\t\t<\/div>\n\t\t\t\t<\/div>\n\t\t\t\t<div class=\"elementor-element elementor-element-54923a3 elementor-position-inline-start elementor-view-default elementor-mobile-position-block-start elementor-widget elementor-widget-icon-box\" data-id=\"54923a3\" data-element_type=\"widget\" data-e-type=\"widget\" data-widget_type=\"icon-box.default\">\n\t\t\t\t<div class=\"elementor-widget-container\">\n\t\t\t\t\t\t\t<div class=\"elementor-icon-box-wrapper\">\n\n\t\t\t\t\t\t<div class=\"elementor-icon-box-icon\">\n\t\t\t\t<span  class=\"elementor-icon elementor-animation-grow\">\n\t\t\t\t<i aria-hidden=\"true\" class=\"fas fa-star\"><\/i>\t\t\t\t<\/span>\n\t\t\t<\/div>\n\t\t\t\n\t\t\t\t\t\t<div class=\"elementor-icon-box-content\">\n\n\t\t\t\t\t\t\t\t\t<h3 class=\"elementor-icon-box-title\">\n\t\t\t\t\t\t<span  >\n\t\t\t\t\t\t\tTERAPIA MANUAL Y PUNCI\u00d3N SECA EN EL S\u00cdNDROME DEL DOLOR MIOFASCIAL. <br>\t\t\t\t\t\t<\/span>\n\t\t\t\t\t<\/h3>\n\t\t\t\t\n\t\t\t\t\t\t\t\t\t<p class=\"elementor-icon-box-description\">\n\t\t\t\t\t\tAcademia Omphis (2016)\t\t\t\t\t<\/p>\n\t\t\t\t\n\t\t\t<\/div>\n\t\t\t\n\t\t<\/div>\n\t\t\t\t\t\t<\/div>\n\t\t\t\t<\/div>\n\t\t\t\t<div class=\"elementor-element elementor-element-132b194 elementor-position-inline-start elementor-view-default elementor-mobile-position-block-start elementor-widget elementor-widget-icon-box\" data-id=\"132b194\" data-element_type=\"widget\" data-e-type=\"widget\" data-widget_type=\"icon-box.default\">\n\t\t\t\t<div class=\"elementor-widget-container\">\n\t\t\t\t\t\t\t<div class=\"elementor-icon-box-wrapper\">\n\n\t\t\t\t\t\t<div class=\"elementor-icon-box-icon\">\n\t\t\t\t<span  class=\"elementor-icon elementor-animation-grow\">\n\t\t\t\t<i aria-hidden=\"true\" class=\"fas fa-star\"><\/i>\t\t\t\t<\/span>\n\t\t\t<\/div>\n\t\t\t\n\t\t\t\t\t\t<div class=\"elementor-icon-box-content\">\n\n\t\t\t\t\t\t\t\t\t<h3 class=\"elementor-icon-box-title\">\n\t\t\t\t\t\t<span  >\n\t\t\t\t\t\t\tPUNCI\u00d3N SECA\t\t\t\t\t\t<\/span>\n\t\t\t\t\t<\/h3>\n\t\t\t\t\n\t\t\t\t\t\t\t\t\t<p class=\"elementor-icon-box-description\">\n\t\t\t\t\t\timpartido por Manuel Noboa (2012)\t\t\t\t\t<\/p>\n\t\t\t\t\n\t\t\t<\/div>\n\t\t\t\n\t\t<\/div>\n\t\t\t\t\t\t<\/div>\n\t\t\t\t<\/div>\n\t\t\t\t\t<\/div>\n\t\t<\/div>\n\t\t\t\t<div class=\"elementor-column elementor-col-50 elementor-top-column elementor-element elementor-element-69a93bef\" data-id=\"69a93bef\" data-element_type=\"column\" data-e-type=\"column\">\n\t\t\t<div class=\"elementor-widget-wrap elementor-element-populated\">\n\t\t\t\t\t\t<div class=\"elementor-element elementor-element-6a379137 elementor-widget__width-initial elementor-widget elementor-widget-image\" data-id=\"6a379137\" data-element_type=\"widget\" data-e-type=\"widget\" data-widget_type=\"image.default\">\n\t\t\t\t<div class=\"elementor-widget-container\">\n\t\t\t\t\t\t\t\t\t\t\t\t\t\t\t<img fetchpriority=\"high\" decoding=\"async\" width=\"2560\" height=\"1707\" src=\"https:\/\/www.fisioazuqueca.es\/web\/wp-content\/uploads\/2023\/09\/IMG_8560-scaled.jpg\" class=\"attachment-full size-full wp-image-448\" alt=\"\" srcset=\"https:\/\/www.fisioazuqueca.es\/web\/wp-content\/uploads\/2023\/09\/IMG_8560-scaled.jpg 2560w, https:\/\/www.fisioazuqueca.es\/web\/wp-content\/uploads\/2023\/09\/IMG_8560-300x200.jpg 300w, https:\/\/www.fisioazuqueca.es\/web\/wp-content\/uploads\/2023\/09\/IMG_8560-1024x683.jpg 1024w, https:\/\/www.fisioazuqueca.es\/web\/wp-content\/uploads\/2023\/09\/IMG_8560-768x512.jpg 768w, https:\/\/www.fisioazuqueca.es\/web\/wp-content\/uploads\/2023\/09\/IMG_8560-1536x1024.jpg 1536w, https:\/\/www.fisioazuqueca.es\/web\/wp-content\/uploads\/2023\/09\/IMG_8560-2048x1365.jpg 2048w, https:\/\/www.fisioazuqueca.es\/web\/wp-content\/uploads\/2023\/09\/IMG_8560-930x620.jpg 930w\" sizes=\"(max-width: 2560px) 100vw, 2560px\" \/>\t\t\t\t\t\t\t\t\t\t\t\t\t\t\t<\/div>\n\t\t\t\t<\/div>\n\t\t\t\t\t<\/div>\n\t\t<\/div>\n\t\t\t\t\t<\/div>\n\t\t<\/section>\n\t\t\t\t<\/div>\n\t\t","protected":false},"excerpt":{"rendered":"<p>PEDRO ALBA GARC\u00cdA N\u00ba COLEGIADO: 2496 CLM DIPLOMADO EN FISIOTERAPIA Universidad Rey Juan Carlos. (1999-2002) EXPERTO EN OSTEOPAT\u00cdA Escuela de Osteopat\u00eda de Madrid (2007 &#8211; 2013) TERAPIA MANUAL Y PUNCI\u00d3N SECA EN EL S\u00cdNDROME DEL DOLOR MIOFASCIAL. Academia Omphis (2016) PUNCI\u00d3N SECA impartido por Manuel Noboa (2012)<\/p>\n","protected":false},"author":1,"featured_media":0,"parent":0,"menu_order":0,"comment_status":"closed","ping_status":"closed","template":"page-templates\/template-pagebuilder-full-width.php","meta":{"neve_meta_sidebar":"","neve_meta_container":"","neve_meta_enable_content_width":"","neve_meta_content_width":0,"neve_meta_title_alignment":"","neve_meta_author_avatar":"","neve_post_elements_order":"","neve_meta_disable_header":"","neve_meta_disable_footer":"","neve_meta_disable_title":"","footnotes":""},"class_list":["post-608","page","type-page","status-publish","hentry"],"yoast_head":"<!-- This site is optimized with the Yoast SEO plugin v27.5 - https:\/\/yoast.com\/product\/yoast-seo-wordpress\/ -->\n<title>PEDRO ALBA GARC\u00cdA - FisioAzuqueca<\/title>\n<meta name=\"robots\" content=\"index, follow, max-snippet:-1, max-image-preview:large, max-video-preview:-1\" \/>\n<link rel=\"canonical\" href=\"https:\/\/www.fisioazuqueca.es\/web\/pedro-alba-garcia\/\" \/>\n<meta property=\"og:locale\" content=\"es_ES\" \/>\n<meta property=\"og:type\" content=\"article\" \/>\n<meta property=\"og:title\" content=\"PEDRO ALBA GARC\u00cdA - FisioAzuqueca\" \/>\n<meta property=\"og:description\" content=\"PEDRO ALBA GARC\u00cdA N\u00ba COLEGIADO: 2496 CLM DIPLOMADO EN FISIOTERAPIA Universidad Rey Juan Carlos. (1999-2002) EXPERTO EN OSTEOPAT\u00cdA Escuela de Osteopat\u00eda de Madrid (2007 &#8211; 2013) TERAPIA MANUAL Y PUNCI\u00d3N SECA EN EL S\u00cdNDROME DEL DOLOR MIOFASCIAL. Academia Omphis (2016) PUNCI\u00d3N SECA impartido por Manuel Noboa (2012)\" \/>\n<meta property=\"og:url\" content=\"https:\/\/www.fisioazuqueca.es\/web\/pedro-alba-garcia\/\" \/>\n<meta property=\"og:site_name\" content=\"FisioAzuqueca\" \/>\n<meta property=\"article:modified_time\" content=\"2024-01-26T08:20:15+00:00\" \/>\n<meta property=\"og:image\" content=\"http:\/\/www.fisioazuqueca.es\/web\/wp-content\/uploads\/2023\/09\/IMG_8560-scaled.jpg\" \/>\n<meta name=\"twitter:card\" content=\"summary_large_image\" \/>\n<meta name=\"twitter:label1\" content=\"Tiempo de lectura\" \/>\n\t<meta name=\"twitter:data1\" content=\"1 minuto\" \/>\n<script type=\"application\/ld+json\" class=\"yoast-schema-graph\">{\"@context\":\"https:\\\/\\\/schema.org\",\"@graph\":[{\"@type\":\"WebPage\",\"@id\":\"https:\\\/\\\/www.fisioazuqueca.es\\\/web\\\/pedro-alba-garcia\\\/\",\"url\":\"https:\\\/\\\/www.fisioazuqueca.es\\\/web\\\/pedro-alba-garcia\\\/\",\"name\":\"PEDRO ALBA GARC\u00cdA - FisioAzuqueca\",\"isPartOf\":{\"@id\":\"https:\\\/\\\/www.fisioazuqueca.es\\\/web\\\/#website\"},\"primaryImageOfPage\":{\"@id\":\"https:\\\/\\\/www.fisioazuqueca.es\\\/web\\\/pedro-alba-garcia\\\/#primaryimage\"},\"image\":{\"@id\":\"https:\\\/\\\/www.fisioazuqueca.es\\\/web\\\/pedro-alba-garcia\\\/#primaryimage\"},\"thumbnailUrl\":\"http:\\\/\\\/www.fisioazuqueca.es\\\/web\\\/wp-content\\\/uploads\\\/2023\\\/09\\\/IMG_8560-scaled.jpg\",\"datePublished\":\"2023-10-20T08:54:51+00:00\",\"dateModified\":\"2024-01-26T08:20:15+00:00\",\"inLanguage\":\"es\",\"potentialAction\":[{\"@type\":\"ReadAction\",\"target\":[\"https:\\\/\\\/www.fisioazuqueca.es\\\/web\\\/pedro-alba-garcia\\\/\"]}]},{\"@type\":\"ImageObject\",\"inLanguage\":\"es\",\"@id\":\"https:\\\/\\\/www.fisioazuqueca.es\\\/web\\\/pedro-alba-garcia\\\/#primaryimage\",\"url\":\"https:\\\/\\\/www.fisioazuqueca.es\\\/web\\\/wp-content\\\/uploads\\\/2023\\\/09\\\/IMG_8560-scaled.jpg\",\"contentUrl\":\"https:\\\/\\\/www.fisioazuqueca.es\\\/web\\\/wp-content\\\/uploads\\\/2023\\\/09\\\/IMG_8560-scaled.jpg\",\"width\":2560,\"height\":1707},{\"@type\":\"WebSite\",\"@id\":\"https:\\\/\\\/www.fisioazuqueca.es\\\/web\\\/#website\",\"url\":\"https:\\\/\\\/www.fisioazuqueca.es\\\/web\\\/\",\"name\":\"FisioAzuqueca\",\"description\":\"Bienvenido a FisioAzuqueca\",\"publisher\":{\"@id\":\"https:\\\/\\\/www.fisioazuqueca.es\\\/web\\\/#\\\/schema\\\/person\\\/afbc4cf413efa10f2f68155692513e13\"},\"potentialAction\":[{\"@type\":\"SearchAction\",\"target\":{\"@type\":\"EntryPoint\",\"urlTemplate\":\"https:\\\/\\\/www.fisioazuqueca.es\\\/web\\\/?s={search_term_string}\"},\"query-input\":{\"@type\":\"PropertyValueSpecification\",\"valueRequired\":true,\"valueName\":\"search_term_string\"}}],\"inLanguage\":\"es\"},{\"@type\":[\"Person\",\"Organization\"],\"@id\":\"https:\\\/\\\/www.fisioazuqueca.es\\\/web\\\/#\\\/schema\\\/person\\\/afbc4cf413efa10f2f68155692513e13\",\"name\":\"admin\",\"image\":{\"@type\":\"ImageObject\",\"inLanguage\":\"es\",\"@id\":\"https:\\\/\\\/www.fisioazuqueca.es\\\/web\\\/wp-content\\\/uploads\\\/2023\\\/09\\\/cropped-LOGO-F.jpg\",\"url\":\"https:\\\/\\\/www.fisioazuqueca.es\\\/web\\\/wp-content\\\/uploads\\\/2023\\\/09\\\/cropped-LOGO-F.jpg\",\"contentUrl\":\"https:\\\/\\\/www.fisioazuqueca.es\\\/web\\\/wp-content\\\/uploads\\\/2023\\\/09\\\/cropped-LOGO-F.jpg\",\"width\":468,\"height\":648,\"caption\":\"admin\"},\"logo\":{\"@id\":\"https:\\\/\\\/www.fisioazuqueca.es\\\/web\\\/wp-content\\\/uploads\\\/2023\\\/09\\\/cropped-LOGO-F.jpg\"},\"sameAs\":[\"https:\\\/\\\/www.fisioazuqueca.es\\\/web\"]}]}<\/script>\n<!-- \/ Yoast SEO plugin. -->","yoast_head_json":{"title":"PEDRO ALBA GARC\u00cdA - FisioAzuqueca","robots":{"index":"index","follow":"follow","max-snippet":"max-snippet:-1","max-image-preview":"max-image-preview:large","max-video-preview":"max-video-preview:-1"},"canonical":"https:\/\/www.fisioazuqueca.es\/web\/pedro-alba-garcia\/","og_locale":"es_ES","og_type":"article","og_title":"PEDRO ALBA GARC\u00cdA - FisioAzuqueca","og_description":"PEDRO ALBA GARC\u00cdA N\u00ba COLEGIADO: 2496 CLM DIPLOMADO EN FISIOTERAPIA Universidad Rey Juan Carlos. (1999-2002) EXPERTO EN OSTEOPAT\u00cdA Escuela de Osteopat\u00eda de Madrid (2007 &#8211; 2013) TERAPIA MANUAL Y PUNCI\u00d3N SECA EN EL S\u00cdNDROME DEL DOLOR MIOFASCIAL. Academia Omphis (2016) PUNCI\u00d3N SECA impartido por Manuel Noboa (2012)","og_url":"https:\/\/www.fisioazuqueca.es\/web\/pedro-alba-garcia\/","og_site_name":"FisioAzuqueca","article_modified_time":"2024-01-26T08:20:15+00:00","og_image":[{"url":"http:\/\/www.fisioazuqueca.es\/web\/wp-content\/uploads\/2023\/09\/IMG_8560-scaled.jpg","type":"","width":"","height":""}],"twitter_card":"summary_large_image","twitter_misc":{"Tiempo de lectura":"1 minuto"},"schema":{"@context":"https:\/\/schema.org","@graph":[{"@type":"WebPage","@id":"https:\/\/www.fisioazuqueca.es\/web\/pedro-alba-garcia\/","url":"https:\/\/www.fisioazuqueca.es\/web\/pedro-alba-garcia\/","name":"PEDRO ALBA GARC\u00cdA - FisioAzuqueca","isPartOf":{"@id":"https:\/\/www.fisioazuqueca.es\/web\/#website"},"primaryImageOfPage":{"@id":"https:\/\/www.fisioazuqueca.es\/web\/pedro-alba-garcia\/#primaryimage"},"image":{"@id":"https:\/\/www.fisioazuqueca.es\/web\/pedro-alba-garcia\/#primaryimage"},"thumbnailUrl":"http:\/\/www.fisioazuqueca.es\/web\/wp-content\/uploads\/2023\/09\/IMG_8560-scaled.jpg","datePublished":"2023-10-20T08:54:51+00:00","dateModified":"2024-01-26T08:20:15+00:00","inLanguage":"es","potentialAction":[{"@type":"ReadAction","target":["https:\/\/www.fisioazuqueca.es\/web\/pedro-alba-garcia\/"]}]},{"@type":"ImageObject","inLanguage":"es","@id":"https:\/\/www.fisioazuqueca.es\/web\/pedro-alba-garcia\/#primaryimage","url":"https:\/\/www.fisioazuqueca.es\/web\/wp-content\/uploads\/2023\/09\/IMG_8560-scaled.jpg","contentUrl":"https:\/\/www.fisioazuqueca.es\/web\/wp-content\/uploads\/2023\/09\/IMG_8560-scaled.jpg","width":2560,"height":1707},{"@type":"WebSite","@id":"https:\/\/www.fisioazuqueca.es\/web\/#website","url":"https:\/\/www.fisioazuqueca.es\/web\/","name":"FisioAzuqueca","description":"Bienvenido a FisioAzuqueca","publisher":{"@id":"https:\/\/www.fisioazuqueca.es\/web\/#\/schema\/person\/afbc4cf413efa10f2f68155692513e13"},"potentialAction":[{"@type":"SearchAction","target":{"@type":"EntryPoint","urlTemplate":"https:\/\/www.fisioazuqueca.es\/web\/?s={search_term_string}"},"query-input":{"@type":"PropertyValueSpecification","valueRequired":true,"valueName":"search_term_string"}}],"inLanguage":"es"},{"@type":["Person","Organization"],"@id":"https:\/\/www.fisioazuqueca.es\/web\/#\/schema\/person\/afbc4cf413efa10f2f68155692513e13","name":"admin","image":{"@type":"ImageObject","inLanguage":"es","@id":"https:\/\/www.fisioazuqueca.es\/web\/wp-content\/uploads\/2023\/09\/cropped-LOGO-F.jpg","url":"https:\/\/www.fisioazuqueca.es\/web\/wp-content\/uploads\/2023\/09\/cropped-LOGO-F.jpg","contentUrl":"https:\/\/www.fisioazuqueca.es\/web\/wp-content\/uploads\/2023\/09\/cropped-LOGO-F.jpg","width":468,"height":648,"caption":"admin"},"logo":{"@id":"https:\/\/www.fisioazuqueca.es\/web\/wp-content\/uploads\/2023\/09\/cropped-LOGO-F.jpg"},"sameAs":["https:\/\/www.fisioazuqueca.es\/web"]}]}},"_links":{"self":[{"href":"https:\/\/www.fisioazuqueca.es\/web\/wp-json\/wp\/v2\/pages\/608","targetHints":{"allow":["GET"]}}],"collection":[{"href":"https:\/\/www.fisioazuqueca.es\/web\/wp-json\/wp\/v2\/pages"}],"about":[{"href":"https:\/\/www.fisioazuqueca.es\/web\/wp-json\/wp\/v2\/types\/page"}],"author":[{"embeddable":true,"href":"https:\/\/www.fisioazuqueca.es\/web\/wp-json\/wp\/v2\/users\/1"}],"replies":[{"embeddable":true,"href":"https:\/\/www.fisioazuqueca.es\/web\/wp-json\/wp\/v2\/comments?post=608"}],"version-history":[{"count":17,"href":"https:\/\/www.fisioazuqueca.es\/web\/wp-json\/wp\/v2\/pages\/608\/revisions"}],"predecessor-version":[{"id":790,"href":"https:\/\/www.fisioazuqueca.es\/web\/wp-json\/wp\/v2\/pages\/608\/revisions\/790"}],"wp:attachment":[{"href":"https:\/\/www.fisioazuqueca.es\/web\/wp-json\/wp\/v2\/media?parent=608"}],"curies":[{"name":"wp","href":"https:\/\/api.w.org\/{rel}","templated":true}]}}